{"id":3841,"date":"2020-08-16T19:37:12","date_gmt":"2020-08-16T19:37:12","guid":{"rendered":"https:\/\/www.becoolairconditioning.com\/?page_id=3841"},"modified":"2020-08-16T20:43:22","modified_gmt":"2020-08-16T20:43:22","slug":"heating-services","status":"publish","type":"page","link":"https:\/\/www.becoolairconditioning.com\/es\/services\/heating-services\/","title":{"rendered":"Servicios de calefacci\u00f3n"},"content":{"rendered":"<div data-elementor-type=\"wp-page\" data-elementor-id=\"3841\" class=\"elementor elementor-3841\" data-elementor-post-type=\"page\">\n\t\t\t\t\t\t<section class=\"elementor-section elementor-top-section elementor-element elementor-element-26c0f669 elementor-section-boxed elementor-section-height-default elementor-section-height-default\" data-id=\"26c0f669\" data-element_type=\"section\">\n\t\t\t\t\t\t<div class=\"elementor-container elementor-column-gap-default\">\n\t\t\t\t\t<div class=\"elementor-column elementor-col-100 elementor-top-column elementor-element elementor-element-26bd31e1\" data-id=\"26bd31e1\" data-element_type=\"column\">\n\t\t\t<div class=\"elementor-widget-wrap elementor-element-populated\">\n\t\t\t\t\t\t<div class=\"elementor-element elementor-element-b79724d elementor-widget elementor-widget-spacer\" data-id=\"b79724d\" data-element_type=\"widget\" data-widget_type=\"spacer.default\">\n\t\t\t\t<div class=\"elementor-widget-container\">\n\t\t\t\t\t<div class=\"elementor-spacer\">\n\t\t\t<div class=\"elementor-spacer-inner\"><\/div>\n\t\t<\/div>\n\t\t\t\t<\/div>\n\t\t\t\t<\/div>\n\t\t\t\t\t<\/div>\n\t\t<\/div>\n\t\t\t\t\t<\/div>\n\t\t<\/section>\n\t\t\t\t<section class=\"elementor-section elementor-top-section elementor-element elementor-element-76b330cd elementor-section-boxed elementor-section-height-default elementor-section-height-default\" data-id=\"76b330cd\" data-element_type=\"section\">\n\t\t\t\t\t\t<div class=\"elementor-container elementor-column-gap-default\">\n\t\t\t\t\t<div class=\"elementor-column elementor-col-100 elementor-top-column elementor-element elementor-element-6698e160\" data-id=\"6698e160\" data-element_type=\"column\">\n\t\t\t<div class=\"elementor-widget-wrap elementor-element-populated\">\n\t\t\t\t\t\t<div class=\"elementor-element elementor-element-2adb8554 elementor-widget elementor-widget-heading\" data-id=\"2adb8554\" data-element_type=\"widget\" data-widget_type=\"heading.default\">\n\t\t\t\t<div class=\"elementor-widget-container\">\n\t\t\t<h2 class=\"elementor-heading-title elementor-size-default\">Calefacci\u00f3n <span style=\"color:#273C75\">Servicios<\/span><\/h2>\t\t<\/div>\n\t\t\t\t<\/div>\n\t\t\t\t\t<\/div>\n\t\t<\/div>\n\t\t\t\t\t<\/div>\n\t\t<\/section>\n\t\t\t\t<section class=\"elementor-section elementor-top-section elementor-element elementor-element-3cd92c5b elementor-section-boxed elementor-section-height-default elementor-section-height-default\" data-id=\"3cd92c5b\" data-element_type=\"section\">\n\t\t\t\t\t\t<div class=\"elementor-container elementor-column-gap-default\">\n\t\t\t\t\t<div class=\"elementor-column elementor-col-100 elementor-top-column elementor-element elementor-element-5a827020\" data-id=\"5a827020\" data-element_type=\"column\">\n\t\t\t<div class=\"elementor-widget-wrap elementor-element-populated\">\n\t\t\t\t\t\t<div class=\"elementor-element elementor-element-50330d08 elementor-widget elementor-widget-text-editor\" data-id=\"50330d08\" data-element_type=\"widget\" data-widget_type=\"text-editor.default\">\n\t\t\t\t<div class=\"elementor-widget-container\">\n\t\t\t\t\t\t\t<figure class=\"wp-block-image size-large\"><img decoding=\"async\" class=\"wp-image-3868\" src=\"https:\/\/www.becoolairconditioning.com\/wp-content\/uploads\/2018\/04\/gallery-11.jpg\" alt=\"\" \/><\/figure>\n<p><!-- \/wp:image --><!-- wp:paragraph --><\/p>\n<h1 style=\"text-align: left;\"><strong><span style=\"color: #000000;\">Ofrecemos servicios integrales de instalaci\u00f3n y mantenimiento de calefacci\u00f3n en todo Laredo y sus alrededores.<\/span><\/strong><\/h1>\n<p><span style=\"color: #000000;\"><!-- \/wp:paragraph --><!-- wp:paragraph --><\/span><\/p>\n<p><span style=\"color: #000000;\">\u00a0<\/span><\/p>\n<p><span style=\"color: #000000;\"><!-- \/wp:paragraph --><!-- wp:heading {\"level\":3} --><\/span><\/p>\n<h3><span style=\"color: #000000;\"><strong>Instalaci\u00f3n de calefacci\u00f3n Laredo, TX<\/strong><\/span><\/h3>\n<p><span style=\"color: #000000;\"><!-- \/wp:heading --><!-- wp:paragraph --><\/span><\/p>\n<p><span style=\"color: #000000;\">Be Cool Air Conditioning ofrece servicios profesionales de instalaci\u00f3n de calefacci\u00f3n en Laredo y \u00e1reas cercanas.<\/span><\/p>\n<p><span style=\"color: #000000;\"><!-- \/wp:paragraph --><!-- wp:paragraph --><\/span><\/p>\n<p><span style=\"color: #000000;\">Sabemos lo importante que es tener una casa bien climatizada. Entendemos que la calefacci\u00f3n es una necesidad b\u00e1sica sin la cual la salud de su familia puede estar en peligro.<\/span><\/p>\n<p><span style=\"color: #000000;\"><!-- \/wp:paragraph --><!-- wp:paragraph --><\/span><\/p>\n<p><span style=\"color: #000000;\">Puede confiar en nuestro servicio de instalaci\u00f3n r\u00e1pida de calefacci\u00f3n para mantener su hogar c\u00e1lido y confortable. Un sistema de calefacci\u00f3n debe funcionar de manera confiable todo el tiempo.<\/span><\/p>\n<p><span style=\"color: #000000;\"><!-- \/wp:paragraph --><!-- wp:paragraph --><\/span><\/p>\n<p><span style=\"color: #000000;\">El servicio de instalaci\u00f3n de calefacci\u00f3n de Be Cool asegura que usted tenga un sistema de calefacci\u00f3n en funcionamiento que sea confiable y eficiente en el menor tiempo posible.<\/span><\/p>\n<p><span style=\"color: #000000;\"><!-- \/wp:paragraph --><!-- wp:paragraph --><\/span><\/p>\n<p><span style=\"color: #000000;\">Nuestros t\u00e9cnicos de servicio de HVAC est\u00e1n disponibles en cualquier momento que necesite servicios de instalaci\u00f3n de calefacci\u00f3n. Aproveche nuestra experiencia local y obtenga servicios r\u00e1pidos de instalaci\u00f3n de calefacci\u00f3n en cualquier lugar de Laredo y \u00e1reas cercanas.<\/span><\/p>\n<p><span style=\"color: #000000;\"><!-- \/wp:paragraph --><!-- wp:heading {\"level\":3} --><\/span><\/p>\n<h3><span style=\"color: #000000;\"><strong>Servicio de reparaci\u00f3n de calefacci\u00f3n cerca de Laredo, TX<\/strong><\/span><\/h3>\n<p><span style=\"color: #000000;\"><!-- \/wp:heading --><!-- wp:paragraph --><\/span><\/p>\n<p><span style=\"color: #000000;\">No permita que el clima fr\u00edo lo golpee debido a un calentador defectuoso. Nuestro servicio de reparaci\u00f3n de calentadores es insuperable en Laredo, TX.<\/span><\/p>\n<p><span style=\"color: #000000;\"><!-- \/wp:paragraph --><!-- wp:paragraph --><\/span><\/p>\n<p><span style=\"color: #000000;\">Nuestro objetivo es devolver el confort y la calidez a su hogar. Nuestros expertos en servicios de HVAC est\u00e1n all\u00ed siempre que los necesite.<\/span><\/p>\n<p><span style=\"color: #000000;\"><!-- \/wp:paragraph --><!-- wp:paragraph --><\/span><\/p>\n<p><span style=\"color: #000000;\">A veces, no es f\u00e1cil detectar un calentador que funciona mal. Un problema de rendimiento aparentemente peque\u00f1o puede provocar un da\u00f1o mayor y, finalmente, un calentador totalmente roto.<\/span><\/p>\n<p><span style=\"color: #000000;\"><!-- \/wp:paragraph --><!-- wp:paragraph --><\/span><\/p>\n<p><span style=\"color: #000000;\">Con nuestro servicio de reparaci\u00f3n de calentadores, podemos identificar las fallas del calentador antes de que sean demasiado grandes para repararlas. Es sumamente importante programar los servicios de reparaci\u00f3n del calentador tan pronto como note algo en su calentador.<\/span><\/p>\n<p><span style=\"color: #000000;\"><!-- \/wp:paragraph --><!-- wp:paragraph --><\/span><\/p>\n<p><span style=\"color: #000000;\">C\u00f3mo saber que un t\u00e9cnico de servicio de HVAC debe inspeccionar su calentador:<\/span><\/p>\n<p><span style=\"color: #000000;\"><!-- \/wp:paragraph --><!-- wp:list --><\/span><\/p>\n<ul>\n<li><span style=\"color: #000000;\">Flujo de aire caliente insuficiente.<\/span><\/li>\n<li><span style=\"color: #000000;\">No hay flujo de aire en absoluto.<\/span><\/li>\n<li><span style=\"color: #000000;\">Ruido inusual.<\/span><\/li>\n<li><span style=\"color: #000000;\">Apagado repentino.<\/span><\/li>\n<li><span style=\"color: #000000;\">Encendido autom\u00e1tico repentino.<\/span><\/li>\n<li><span style=\"color: #000000;\">Calefactor supera los 7 a\u00f1os.<\/span><\/li>\n<li><span style=\"color: #000000;\">Aumento repentino de las facturas de energ\u00eda.<\/span><\/li>\n<li><span style=\"color: #000000;\">Sin mantenimiento ni servicio durante m\u00e1s de 12 meses.<\/span><\/li>\n<\/ul>\n<p><span style=\"color: #000000;\"><!-- \/wp:list --><!-- wp:heading {\"level\":3} --><\/span><\/p>\n<h3><span style=\"color: #000000;\"><strong>Reparaci\u00f3n de hornos Laredo, TX<\/strong><\/span><\/h3>\n<p><span style=\"color: #000000;\"><!-- \/wp:heading --><!-- wp:paragraph --><\/span><\/p>\n<p><span style=\"color: #000000;\">Ofrecemos reparaci\u00f3n experta de hornos para residentes en Laredo, TX.<\/span><\/p>\n<p><span style=\"color: #000000;\"><!-- \/wp:paragraph --><!-- wp:paragraph --><\/span><\/p>\n<p><span style=\"color: #000000;\">Muchas casas usan un horno como fuente principal de calor durante el invierno. Por esta raz\u00f3n, desea asegurarse de que su horno est\u00e9 en perfecto estado a medida que se acercan los fr\u00edos meses de invierno.<\/span><\/p>\n<p><span style=\"color: #000000;\"><!-- \/wp:paragraph --><!-- wp:paragraph --><\/span><\/p>\n<p><span style=\"color: #000000;\">Cuando note algo extra\u00f1o en su horno, puede intentar una soluci\u00f3n de bricolaje. Todo esto es bueno para problemas menores, especialmente si sabe lo que est\u00e1 haciendo.<\/span><\/p>\n<p><span style=\"color: #000000;\"><!-- \/wp:paragraph --><!-- wp:paragraph --><\/span><\/p>\n<p><span style=\"color: #000000;\">Sin embargo, en la mayor\u00eda de los casos, un servicio de reparaci\u00f3n de hornos puede ahorrarle mucho tiempo y dolores de cabeza. Es posible que no tenga las herramientas adecuadas, incluso si cree que puede identificar la falla en su horno.<\/span><\/p>\n<p><span style=\"color: #000000;\"><!-- \/wp:paragraph --><!-- wp:paragraph --><\/span><\/p>\n<p><span style=\"color: #000000;\">Nuestros expertos en servicio de HVAC est\u00e1n altamente capacitados en la reparaci\u00f3n de hornos. Tambi\u00e9n tienen todas las herramientas adecuadas para el trabajo. El resultado suele ser una soluci\u00f3n r\u00e1pida y precisa que ahorra tiempo y dinero.<\/span><\/p>\n<p><span style=\"color: #000000;\"><!-- \/wp:paragraph --><!-- wp:heading {\"level\":3} --><\/span><\/p>\n<h3><span style=\"color: #000000;\"><strong>Mantenimiento de calefacci\u00f3n Laredo, TX<\/strong><\/span><\/h3>\n<p><span style=\"color: #000000;\"><!-- \/wp:heading --><!-- wp:paragraph --><\/span><\/p>\n<p><span style=\"color: #000000;\">El servicio de mantenimiento del calentador de Be Cool tiene como objetivo garantizar que su sistema de calefacci\u00f3n funcione de manera \u00f3ptima.<\/span><\/p>\n<p><span style=\"color: #000000;\"><!-- \/wp:paragraph --><!-- wp:paragraph --><\/span><\/p>\n<p><span style=\"color: #000000;\">A diferencia del servicio del calentador, el mantenimiento se realiza a intervalos regulares, independientemente del estado de su calentador.<\/span><\/p>\n<p><span style=\"color: #000000;\"><!-- \/wp:paragraph --><!-- wp:paragraph --><\/span><\/p>\n<p><span style=\"color: #000000;\">El mantenimiento adecuado realizado con regularidad reduce los costos de reparaci\u00f3n. Un buen mantenimiento significa que ya rara vez tendr\u00e1 que preocuparse por un calentador defectuoso.<\/span><\/p>\n<p><span style=\"color: #000000;\"><!-- \/wp:paragraph --><!-- wp:paragraph --><\/span><\/p>\n<p><span style=\"color: #000000;\">Los calentadores vienen en diferentes tipos. Nuestros expertos en servicio de HVAC est\u00e1n altamente capacitados para manejar cualquier tipo de calentador. Los tipos comunes incluyen calderas, hornos y bombas de calor.<\/span><\/p>\n<p><span style=\"color: #000000;\"><!-- \/wp:paragraph --><!-- wp:paragraph --><\/span><\/p>\n<p><span style=\"color: #000000;\">Independientemente del tipo de calentador que tenga, podemos crear un plan de mantenimiento personalizado para usted. Esta es la mejor manera de mantener manejables los costos de reparaci\u00f3n y mantenimiento de su calentador.<\/span><\/p>\n<p><span style=\"color: #000000;\"><!-- \/wp:paragraph --><!-- wp:paragraph --><\/span><\/p>\n<p><span style=\"color: #000000;\">El mantenimiento del calentador incluye verificar las conexiones del calentador, verificar el flujo de aire, verificar la l\u00ednea de gas, verificar los intercambiadores de calor, verificar el horno del quemador, verificar si hay obstrucciones en el drenaje de condensado y verificar los controles.<\/span><\/p>\n<p><span style=\"color: #000000;\"><!-- \/wp:paragraph --><!-- wp:paragraph --><\/span><\/p>\n<p><span style=\"color: #000000;\">Las comprobaciones de rutina a trav\u00e9s del mantenimiento pueden identificar f\u00e1cilmente cualquier pieza defectuosa. Nuestros expertos en servicio de HVAC recomendar\u00e1n una reparaci\u00f3n o una pieza de repuesto.<\/span><\/p>\n<p><span style=\"color: #000000;\"><!-- \/wp:paragraph --><!-- wp:heading {\"level\":3} --><\/span><\/p>\n<h3><span style=\"color: #000000;\"><strong>Beneficios de nuestro servicio de mantenimiento de calentadores<\/strong><\/span><\/h3>\n<p><span style=\"color: #000000;\"><!-- \/wp:heading --><!-- wp:list --><\/span><\/p>\n<ul>\n<li><span style=\"color: #000000;\">Ayuda a mantener su calentador en forma s\u00f3lida.<\/span><\/li>\n<li><span style=\"color: #000000;\">Ayuda a mantener los costos de reparaci\u00f3n al m\u00ednimo.<\/span><\/li>\n<li><span style=\"color: #000000;\">Ayuda a mantener su calentador funcionando de manera \u00f3ptima, manteniendo sus facturas de energ\u00eda bajas y predecibles.<\/span><\/li>\n<li><span style=\"color: #000000;\">Ayuda a prevenir apagones repentinos, que pueden ocurrir especialmente durante una noche fr\u00eda de invierno.<\/span><\/li>\n<li><span style=\"color: #000000;\">Extiende la vida \u00fatil de su calentador. Cuando realiza una inversi\u00f3n en un sistema de calefacci\u00f3n, desea que funcione de manera \u00f3ptima durante el mayor tiempo posible.<\/span><\/li>\n<\/ul>\n<p><span style=\"color: #000000;\"><!-- \/wp:list --><!-- wp:heading {\"level\":3} --><\/span><\/p>\n<h3><span style=\"color: #000000;\"><strong>Ajuste de calefacci\u00f3n<\/strong><strong> Servicio<\/strong><\/span><\/h3>\n<p><span style=\"color: #000000;\"><!-- \/wp:heading --><!-- wp:paragraph --><\/span><\/p>\n<p><span style=\"color: #000000;\">Adem\u00e1s del mantenimiento regular, podemos recomendarle un ajuste del calentador en una de las visitas de mantenimiento. Una puesta a punto del calentador tiene como objetivo mejorar la eficiencia de su calentador.<\/span><\/p>\n<p><span style=\"color: #000000;\"><!-- \/wp:paragraph --><!-- wp:paragraph --><\/span><\/p>\n<p><span style=\"color: #000000;\">Los ajustes de los calefactores son especialmente importantes para los calefactores que han estado en funcionamiento durante mucho tiempo. El enfoque principal es el consumo eficiente de energ\u00eda. Los calentadores tienden a consumir m\u00e1s energ\u00eda si no funcionan de manera \u00f3ptima.<\/span><\/p>\n<p><span style=\"color: #000000;\"><!-- \/wp:paragraph --><!-- wp:paragraph --><\/span><\/p>\n<p><span style=\"color: #000000;\">Durante una puesta a punto, nuestros t\u00e9cnicos de servicio de HVAC verificar\u00e1n si hay signos de lubricaci\u00f3n insuficiente, correas defectuosas y uso de energ\u00eda.<\/span><\/p>\n<p><span style=\"color: #000000;\"><!-- \/wp:paragraph --><!-- wp:heading {\"level\":3} --><\/span><\/p>\n<h3><span style=\"color: #000000;\"><strong>\u00bfCu\u00e1ndo es mejor reemplazar su sistema de calefacci\u00f3n?<\/strong><\/span><\/h3>\n<p><span style=\"color: #000000;\"><!-- \/wp:heading --><!-- wp:paragraph --><\/span><\/p>\n<p><span style=\"color: #000000;\">A veces es mejor reemplazar su sistema de calefacci\u00f3n que reparar una pieza. Una regla general es que debe reemplazar su sistema anterior (7 a\u00f1os o m\u00e1s) si el costo de las reparaciones excede 50% el costo de la unidad.<\/span><\/p>\n<p><span style=\"color: #000000;\"><!-- \/wp:paragraph --><!-- wp:paragraph --><\/span><\/p>\n<p><span style=\"color: #000000;\">Adem\u00e1s, una unidad que tiene m\u00e1s de 10 a\u00f1os se beneficiar\u00e1 de un reemplazo completo que las reparaciones peri\u00f3dicas.<\/span><\/p>\n<p><span style=\"color: #000000;\"><!-- \/wp:paragraph --><!-- wp:paragraph --><\/span><\/p>\n<p><span style=\"color: #000000;\">Las unidades de calefacci\u00f3n m\u00e1s nuevas son mucho m\u00e1s eficientes energ\u00e9ticamente en comparaci\u00f3n con los tipos m\u00e1s antiguos. Con el ahorro energ\u00e9tico que te brinda un sistema moderno, con el tiempo podr\u00e1s recuperar tu inversi\u00f3n inicial.<\/span><\/p>\n<p><span style=\"color: #000000;\"><!-- \/wp:paragraph --><!-- wp:paragraph --><\/span><\/p>\n<p><span style=\"color: #000000;\">Nuestros expertos en servicios de HVAC pueden ayudarlo a tomar una decisi\u00f3n informada. Despu\u00e9s de inspeccionar su sistema de calefacci\u00f3n, le damos la recomendaci\u00f3n m\u00e1s pr\u00e1ctica y lo ayudamos a decidir qu\u00e9 nuevo sistema instalar.<\/span><\/p>\n<p><span style=\"color: #000000;\"><!-- \/wp:paragraph --><!-- wp:heading {\"level\":3} --><\/span><\/p>\n<h3><span style=\"color: #000000;\"><strong>P\u00f3ngase en contacto con expertos en calefacci\u00f3n en Laredo, TX<\/strong><\/span><\/h3>\n<p><span style=\"color: #000000;\"><!-- \/wp:heading --><!-- wp:paragraph --><\/span><\/p>\n<p><span style=\"color: #000000;\">Hemos establecido un nombre como los mejores expertos en servicios de calefacci\u00f3n de Laredo. La mejor manera de conocer nuestras ofertas de servicios de calefacci\u00f3n es hablando con nosotros.<\/span><\/p>\n<p><span style=\"color: #000000;\"><!-- \/wp:paragraph --><!-- wp:paragraph --><\/span><\/p>\n<p><span style=\"color: #000000;\">Llame a nuestro equipo de servicio ahora mismo y se atender\u00e1n todas sus necesidades de calefacci\u00f3n.<\/span><\/p>\n<p><span style=\"color: #000000;\"><!-- \/wp:paragraph --><!-- wp:paragraph --><\/span><\/p>\n<p><span style=\"color: #000000;\">Nuestro servicio de HVAC es uno de los m\u00e1s confiables en Texas. Hemos construido una reputaci\u00f3n al ofrecer un apoyo personalizado y un servicio oportuno a los propietarios de viviendas en Laredo y \u00e1reas cercanas.<\/span><\/p>\n<p><span style=\"color: #000000;\">Los expertos en aire acondicionado de Be Cool realizan una inspecci\u00f3n completa de su unidad de aire acondicionado para garantizar que pueda hacer frente a las mayores demandas de refrigeraci\u00f3n durante los meses m\u00e1s calurosos. A menudo, los propietarios de viviendas no se dan cuenta de que su acondicionador funciona mal en alg\u00fan lugar hasta que es demasiado tarde. Muchos problemas de reparaci\u00f3n de CA no son evidentes de inmediato a menos que se lleve a cabo una inspecci\u00f3n t\u00e9cnica. Realizar un servicio regular de reparaci\u00f3n de aire acondicionado en el hogar puede revelar problemas subyacentes y ayudarlo a ahorrar grandes costos de reparaci\u00f3n m\u00e1s adelante.<\/span><\/p>\n<p><span style=\"color: #000000;\">Los problemas t\u00edpicos que pueden no ser obvios incluyen:<\/span><\/p>\n<ul>\n<li><span style=\"color: #000000;\">Conexiones el\u00e9ctricas sueltas.<\/span><\/li>\n<li><span style=\"color: #000000;\">Lubricaci\u00f3n inadecuada de piezas m\u00f3viles.<\/span><\/li>\n<li><span style=\"color: #000000;\">Obstrucci\u00f3n de las l\u00edneas de drenaje.<\/span><\/li>\n<li><span style=\"color: #000000;\">Serpentines del evaporador y condensador sucios<\/span><\/li>\n<li><span style=\"color: #000000;\">Controles del sistema que funcionan mal.<\/span><\/li>\n<\/ul>\t\t\t\t\t\t<\/div>\n\t\t\t\t<\/div>\n\t\t\t\t\t<\/div>\n\t\t<\/div>\n\t\t\t\t\t<\/div>\n\t\t<\/section>\n\t\t\t\t<section class=\"elementor-section elementor-top-section elementor-element elementor-element-13722581 elementor-section-boxed elementor-section-height-default elementor-section-height-default\" data-id=\"13722581\" data-element_type=\"section\" data-settings=\"{&quot;background_background&quot;:&quot;classic&quot;}\">\n\t\t\t\t\t\t\t<div class=\"elementor-background-overlay\"><\/div>\n\t\t\t\t\t\t\t<div class=\"elementor-container elementor-column-gap-default\">\n\t\t\t\t\t<div class=\"elementor-column elementor-col-100 elementor-top-column elementor-element elementor-element-75dde951\" data-id=\"75dde951\" data-element_type=\"column\">\n\t\t\t<div class=\"elementor-widget-wrap elementor-element-populated\">\n\t\t\t\t\t\t<div class=\"elementor-element elementor-element-61b6b26d elementor-widget elementor-widget-heading\" data-id=\"61b6b26d\" data-element_type=\"widget\" data-widget_type=\"heading.default\">\n\t\t\t\t<div class=\"elementor-widget-container\">\n\t\t\t<h2 class=\"elementor-heading-title elementor-size-default\">\u00a1Ll\u00e1menos hoy!<\/h2>\t\t<\/div>\n\t\t\t\t<\/div>\n\t\t\t\t<div class=\"elementor-element elementor-element-67bd03c9 elementor-widget elementor-widget-heading\" data-id=\"67bd03c9\" data-element_type=\"widget\" data-widget_type=\"heading.default\">\n\t\t\t\t<div class=\"elementor-widget-container\">\n\t\t\t<h2 class=\"elementor-heading-title elementor-size-default\">Sirviendo Laredo, TX y sus alrededores<\/h2>\t\t<\/div>\n\t\t\t\t<\/div>\n\t\t\t\t<div class=\"elementor-element elementor-element-456c8f9f elementor-align-center elementor-mobile-align-center elementor-widget elementor-widget-button\" data-id=\"456c8f9f\" data-element_type=\"widget\" data-widget_type=\"button.default\">\n\t\t\t\t<div class=\"elementor-widget-container\">\n\t\t\t\t\t<div class=\"elementor-button-wrapper\">\n\t\t\t<a class=\"elementor-button elementor-button-link elementor-size-sm elementor-animation-grow\" href=\"tel:956-635-7507\">\n\t\t\t\t\t\t<span class=\"elementor-button-content-wrapper\">\n\t\t\t\t\t\t<span class=\"elementor-button-icon elementor-align-icon-left\">\n\t\t\t\t<i aria-hidden=\"true\" class=\"fas fa-phone-alt\"><\/i>\t\t\t<\/span>\n\t\t\t\t\t\t<span class=\"elementor-button-text\">956-635-7507<\/span>\n\t\t<\/span>\n\t\t\t\t\t<\/a>\n\t\t<\/div>\n\t\t\t\t<\/div>\n\t\t\t\t<\/div>\n\t\t\t\t\t<\/div>\n\t\t<\/div>\n\t\t\t\t\t<\/div>\n\t\t<\/section>\n\t\t\t\t<\/div>","protected":false},"excerpt":{"rendered":"<p>Heating Services We offer comprehensive heating installation and maintenance services throughout Laredo and surrounding areas. Heating Installation Laredo, TX Be Cool Air Conditioning offers professional heating installation services in Laredo and nearby areas. We know how critical it is to have a well heated home. We understand that heating is a basic need without which [&hellip;]<\/p>","protected":false},"author":4,"featured_media":0,"parent":3534,"menu_order":0,"comment_status":"closed","ping_status":"closed","template":"elementor_header_footer","meta":{"_monsterinsights_skip_tracking":false,"_monsterinsights_sitenote_active":false,"_monsterinsights_sitenote_note":"","_monsterinsights_sitenote_category":0,"footnotes":""},"_links":{"self":[{"href":"https:\/\/www.becoolairconditioning.com\/es\/wp-json\/wp\/v2\/pages\/3841"}],"collection":[{"href":"https:\/\/www.becoolairconditioning.com\/es\/wp-json\/wp\/v2\/pages"}],"about":[{"href":"https:\/\/www.becoolairconditioning.com\/es\/wp-json\/wp\/v2\/types\/page"}],"author":[{"embeddable":true,"href":"https:\/\/www.becoolairconditioning.com\/es\/wp-json\/wp\/v2\/users\/4"}],"replies":[{"embeddable":true,"href":"https:\/\/www.becoolairconditioning.com\/es\/wp-json\/wp\/v2\/comments?post=3841"}],"version-history":[{"count":6,"href":"https:\/\/www.becoolairconditioning.com\/es\/wp-json\/wp\/v2\/pages\/3841\/revisions"}],"predecessor-version":[{"id":3938,"href":"https:\/\/www.becoolairconditioning.com\/es\/wp-json\/wp\/v2\/pages\/3841\/revisions\/3938"}],"up":[{"embeddable":true,"href":"https:\/\/www.becoolairconditioning.com\/es\/wp-json\/wp\/v2\/pages\/3534"}],"wp:attachment":[{"href":"https:\/\/www.becoolairconditioning.com\/es\/wp-json\/wp\/v2\/media?parent=3841"}],"curies":[{"name":"wp","href":"https:\/\/api.w.org\/{rel}","templated":true}]}}